{"id":13083,"date":"2020-05-17T12:18:13","date_gmt":"2020-05-17T10:18:13","guid":{"rendered":"http:\/\/mybubelly.com\/mentions-legales\/"},"modified":"2020-06-25T12:59:35","modified_gmt":"2020-06-25T10:59:35","slug":"terms-of-use","status":"publish","type":"page","link":"https:\/\/mybubelly.com\/en\/terms-of-use\/","title":{"rendered":"Terms of use"},"content":{"rendered":"<div class=\"wpb-content-wrapper\">[vc_row full_width=&#8221;stretch_row_content_no_spaces&#8221; content_placement=&#8221;middle&#8221; css=&#8221;.vc_custom_1588141701949{padding-top: 0px !important;padding-right: 0px !important;padding-bottom: 0px !important;padding-left: 0px !important;}&#8221;][vc_column][vc_column_text css=&#8221;.vc_custom_1593082747303{border-bottom-width: 10px !important;padding-top: 20px !important;padding-right: 20px !important;padding-bottom: 20px !important;padding-left: 20px !important;background-color: #fce7ed !important;background-position: center !important;background-repeat: no-repeat !important;background-size: cover !important;border-bottom-color: #9bc21d !important;border-bottom-style: solid !important;}&#8221;]\n<h1 style=\"text-align: center;\"><strong><span style=\"font-size: 22px;\">TERMS OF USE<\/span><span style=\"color: #ef82aa; font-size: 22px;\"><br \/>\nof MyBUBelly<br \/>\n<\/span><\/strong><\/h1>\n[\/vc_column_text][\/vc_column][\/vc_row][vc_row full_width=&#8221;stretch_row&#8221; gap=&#8221;30&#8243; equal_height=&#8221;yes&#8221; content_placement=&#8221;top&#8221; bg_type=&#8221;bg_color&#8221; bg_override=&#8221;full&#8221; type=&#8221;vc_default&#8221; bg_color_value=&#8221;#ffffff&#8221;][vc_column width=&#8221;1\/6&#8243;][\/vc_column][vc_column width=&#8221;2\/3&#8243;][vc_single_image image=&#8221;13092&#8243; img_size=&#8221;medium&#8221; alignment=&#8221;center&#8221;][vc_column_text]<strong><u>1\/ Website<\/u><\/strong><\/p>\n<p><strong><u>Identity<\/u><\/strong><br \/>\nThe internet website available at <a href=\"http:\/\/www.mybubelly.fr\/\">www.mybubelly.fr<\/a>\u00a0 (hereinafter referred to as the \u00ab\u00a0<strong><em>Web<\/em>s<em>ite<\/em><\/strong>\u00a0\u00bb) is published by the company MYBUBELLY, a joint stock company with a share capital of 267.225,00 euros, registered with the Paris Trade and Companies\u00a0 register under number 827\u00a0691\u00a0072, having its registered head office, 45 rue de Monceau 75008 Paris, France and under the intra-community VAT identification number FR 03 331968917 00020 (hereinafter referred to as \u00ab\u00a0<strong><em>MYBUBELLY<\/em><\/strong>\u00a0\u00bb).<\/p>\n<p><strong><u>Contacts<br \/>\n<\/u><\/strong>Email: <a href=\"mailto:webmaster@mybubelly.com\">webmaster@mybubelly.com<\/a><br \/>\n<strong><u><br \/>\nPublication Director<br \/>\n<\/u><\/strong>Mrs Sandra IFRAH<br \/>\n<strong><u><br \/>\nHosting<br \/>\n<\/u><\/strong>The Website is hosted by the company OVH having its registered head office 2 rue Kellermann 59100 Roubaix \u2013 FRANCE.<\/p>\n<p><strong><u>2\/ Social Networks<\/u><\/strong><br \/>\n<strong><u>Identity<\/u><\/strong><br \/>\nThe Website or pages MYBUBELLY available on FACEBOOK, INSTAGRAM and TWITTER are also published and managed by MYBUBELLY.<\/p>\n<p><strong><u>3\/ Content and use of Information<\/u><\/strong><br \/>\nThe trademarks \u00ab\u00a0<strong><em>MYBUBELLY\u00a0<\/em><\/strong>\u00bb, \u00ab\u00a0<strong><em>MyBubelly Girl or Boy, naturally, it\u2019s my choice\u00a0<\/em><\/strong>\u00bb are \u00ab\u00a0<strong><em>EVE<\/em><\/strong>\u00a0\u00bb registered trademarks.<br \/>\nAll content, pages, scripts, graphics, photographs and icons of the Website and\/or MYBUBELLY social networks pages are the exclusive property of MYBUBELLY or third parties whom gave to MYBUBELLY the permission to use. All rights of reproduction or representation of these are strictly reserved.<br \/>\nTherefore, any reproduction, representation, use, adaptation, modification, incorporation, translation, marketing, partial or complete, of the Website and\/or MYBUBELLY social networks pages or its components, by any process and in any medium (paper, digital &#8230;) is prohibited without the prior written consent of MYBUBELLY. Doing so will constitute a copyright infringement and \/ or designs and \/ or brand.<br \/>\nLogos, trademarks, iconographies relatives to any other companies and products listed on the Website and\/or MYBUBELLY social networks pages are the property of their respective authors and \/ or holders.<\/p>\n<p><strong><u>4\/ Hyperlinks <\/u><\/strong><br \/>\nForm the Website, the user may have access to various hyperlinks redirecting to third party websites.<br \/>\nMYBUBELLY will not be responsible for the content of websites listed on the Website and\/or MYBUBELLY social networks pages and for the information provided by third parties.<br \/>\nMYBUBELLY has no control over these hyperlinks and \/ or other promotional formats.<br \/>\nTherefore, MYBUBELLY gives no guarantee notably about:<\/p>\n<ul>\n<li>The accuracy, quality, completeness and comprehensiveness of the content of indexed websites;<\/li>\n<li>The difficulties of access and operation of indexed websites;<\/li>\n<\/ul>\n<p>and it will in no case be held responsible in the context of a dispute between a website indexed on the Website and\/or MYBUBELLY social networks pages and users particularly because of the loss or damage, operators of indexed websites being solely responsible for the content of their site.<\/p>\n<p><strong><u>5\/ Processing of personal data <\/u><\/strong><br \/>\nWhen browsing the Website, users are required to communicate personal data.<br \/>\nThe provisions relating to this section are available in the Privacy Policy of the Website.<br \/>\nAs such, the data collected by MYBUBELLY are used for the purposes and duration provided in the Privacy Policy. They are intended for the services of MYBUBELLY and its contractors for the execution of orders.<br \/>\nIn accordance with the French Act no. 78-17 of 6 January 1978 on data processing, files and freedoms, and the Regulation (EU) 2016\/679 on the protection of natural persons with regard to the processing of personal data and on the free movement of such data, users have:<\/p>\n<ul>\n<li>A right to access their personal data;<\/li>\n<li>A right to rectify their personal data;<\/li>\n<li>A right to obtain the deletion of their personal data;<\/li>\n<li>A right to oppose the use of their personal data;<\/li>\n<li>A right to limit their personal data;<\/li>\n<li>A portability right on their personal data.<\/li>\n<\/ul>\n<p>For any request, please contact:<br \/>\n&#8211; by mail to: MYBUBELLY, 45 rue de Monceau &#8211; 75008 Paris, FRANCE;<br \/>\n&#8211; or by email to: contact@mybubelly.com.<br \/>\nMYBUBELLY is committed to the confidentiality and protection of your data.<br \/>\n<em>\u00a0<\/em><br \/>\n<strong><u>6\/ Amendments to the terms of use <\/u><\/strong><br \/>\nMYBUBELLY reserves the right to modify these terms of use at any time, in particular to take into account changes in legislation, legal interpretation, editorial policy, or functional and\/or technical developments. The prevailing version is the one that is accessible. Any consultation of the Site after publication of the amended disclaimer constitutes unconditional acceptance of the new terms of use.<\/p>\n<p><strong><u>7\/ Governing law<\/u><\/strong><br \/>\nThe Website is governed by French law.[\/vc_column_text][\/vc_column][vc_column width=&#8221;1\/6&#8243;][\/vc_column][\/vc_row]\n<\/div>","protected":false},"excerpt":{"rendered":"<p>[vc_row full_width=&#8221;stretch_row_content_no_spaces&#8221; content_placement=&#8221;middle&#8221; css=&#8221;.vc_custom_1588141701949{padding-top: 0px !important;padding-right: 0px !important;padding-bottom: 0px !important;padding-left: 0px !important;}&#8221;][vc_column][vc_column_text css=&#8221;.vc_custom_1593082747303{border-bottom-width: 10px !important;padding-top: 20px !important;padding-right: 20px !important;padding-bottom: 20px !important;padding-left: 20px !important;background-color: #fce7ed !important;background-position: center !important;background-repeat: no-repeat !important;background-size: cover !important;border-bottom-color: #9bc21d !important;border-bottom-style: solid !important;}&#8221;] TERMS OF USE of MyBUBelly [\/vc_column_text][\/vc_column][\/vc_row][vc_row full_width=&#8221;stretch_row&#8221; gap=&#8221;30&#8243; equal_height=&#8221;yes&#8221; content_placement=&#8221;top&#8221; bg_type=&#8221;bg_color&#8221; bg_override=&#8221;full&#8221; type=&#8221;vc_default&#8221; bg_color_value=&#8221;#ffffff&#8221;][vc_column width=&#8221;1\/6&#8243;][\/vc_column][vc_column width=&#8221;2\/3&#8243;][vc_single_image image=&#8221;13092&#8243; img_size=&#8221;medium&#8221; alignment=&#8221;center&#8221;][vc_column_text]1\/ Website&hellip;<\/p>\n","protected":false},"author":1,"featured_media":0,"parent":0,"menu_order":0,"comment_status":"closed","ping_status":"closed","template":"","meta":{"footnotes":""},"class_list":["post-13083","page","type-page","status-publish","hentry","description-off"],"yoast_head":"<!-- This site is optimized with the Yoast SEO plugin v26.1 - https:\/\/yoast.com\/wordpress\/plugins\/seo\/ -->\n<title>Terms of use - MyBuBelly Fertility<\/title>\n<meta name=\"description\" content=\"Terms of use - Le coaching qui vous aide \u00e0 concevoir votre b\u00e9b\u00e9\" \/>\n<meta name=\"robots\" content=\"index, follow, max-snippet:-1, max-image-preview:large, max-video-preview:-1\" \/>\n<link rel=\"canonical\" href=\"https:\/\/mybubelly.com\/en\/terms-of-use\/\" \/>\n<meta property=\"og:locale\" content=\"en_US\" \/>\n<meta property=\"og:type\" content=\"article\" \/>\n<meta property=\"og:title\" content=\"Terms of use - MyBuBelly Fertility\" \/>\n<meta property=\"og:description\" content=\"Terms of use - Le coaching qui vous aide \u00e0 concevoir votre b\u00e9b\u00e9\" \/>\n<meta property=\"og:url\" content=\"https:\/\/mybubelly.com\/en\/terms-of-use\/\" \/>\n<meta property=\"og:site_name\" content=\"MyBuBelly Fertility\" \/>\n<meta property=\"article:publisher\" content=\"https:\/\/www.facebook.com\/MyBuBelly\" \/>\n<meta property=\"article:modified_time\" content=\"2020-06-25T10:59:35+00:00\" \/>\n<meta name=\"twitter:card\" content=\"summary_large_image\" \/>\n<meta name=\"twitter:site\" content=\"@mybubelly\" \/>\n<meta name=\"twitter:label1\" content=\"Est. reading time\" \/>\n\t<meta name=\"twitter:data1\" content=\"4 minutes\" \/>\n<script type=\"application\/ld+json\" class=\"yoast-schema-graph\">{\"@context\":\"https:\/\/schema.org\",\"@graph\":[{\"@type\":\"WebPage\",\"@id\":\"https:\/\/mybubelly.com\/en\/terms-of-use\/\",\"url\":\"https:\/\/mybubelly.com\/en\/terms-of-use\/\",\"name\":\"Terms of use - MyBuBelly Fertility\",\"isPartOf\":{\"@id\":\"https:\/\/mybubelly.com\/en\/#website\"},\"datePublished\":\"2020-05-17T10:18:13+00:00\",\"dateModified\":\"2020-06-25T10:59:35+00:00\",\"description\":\"Terms of use - Le coaching qui vous aide \u00e0 concevoir votre b\u00e9b\u00e9\",\"breadcrumb\":{\"@id\":\"https:\/\/mybubelly.com\/en\/terms-of-use\/#breadcrumb\"},\"inLanguage\":\"en-US\",\"potentialAction\":[{\"@type\":\"ReadAction\",\"target\":[\"https:\/\/mybubelly.com\/en\/terms-of-use\/\"]}]},{\"@type\":\"BreadcrumbList\",\"@id\":\"https:\/\/mybubelly.com\/en\/terms-of-use\/#breadcrumb\",\"itemListElement\":[{\"@type\":\"ListItem\",\"position\":1,\"name\":\"Accueil\",\"item\":\"https:\/\/mybubelly.com\/en\/home\/\"},{\"@type\":\"ListItem\",\"position\":2,\"name\":\"Terms of use\"}]},{\"@type\":\"WebSite\",\"@id\":\"https:\/\/mybubelly.com\/en\/#website\",\"url\":\"https:\/\/mybubelly.com\/en\/\",\"name\":\"MyBuBelly envie de b\u00e9b\u00e9\",\"description\":\"Le coaching qui vous aide \u00e0 concevoir votre b\u00e9b\u00e9\",\"potentialAction\":[{\"@type\":\"SearchAction\",\"target\":{\"@type\":\"EntryPoint\",\"urlTemplate\":\"https:\/\/mybubelly.com\/en\/?s={search_term_string}\"},\"query-input\":{\"@type\":\"PropertyValueSpecification\",\"valueRequired\":true,\"valueName\":\"search_term_string\"}}],\"inLanguage\":\"en-US\"}]}<\/script>\n<!-- \/ Yoast SEO plugin. -->","yoast_head_json":{"title":"Terms of use - MyBuBelly Fertility","description":"Terms of use - Le coaching qui vous aide \u00e0 concevoir votre b\u00e9b\u00e9","robots":{"index":"index","follow":"follow","max-snippet":"max-snippet:-1","max-image-preview":"max-image-preview:large","max-video-preview":"max-video-preview:-1"},"canonical":"https:\/\/mybubelly.com\/en\/terms-of-use\/","og_locale":"en_US","og_type":"article","og_title":"Terms of use - MyBuBelly Fertility","og_description":"Terms of use - Le coaching qui vous aide \u00e0 concevoir votre b\u00e9b\u00e9","og_url":"https:\/\/mybubelly.com\/en\/terms-of-use\/","og_site_name":"MyBuBelly Fertility","article_publisher":"https:\/\/www.facebook.com\/MyBuBelly","article_modified_time":"2020-06-25T10:59:35+00:00","twitter_card":"summary_large_image","twitter_site":"@mybubelly","twitter_misc":{"Est. reading time":"4 minutes"},"schema":{"@context":"https:\/\/schema.org","@graph":[{"@type":"WebPage","@id":"https:\/\/mybubelly.com\/en\/terms-of-use\/","url":"https:\/\/mybubelly.com\/en\/terms-of-use\/","name":"Terms of use - MyBuBelly Fertility","isPartOf":{"@id":"https:\/\/mybubelly.com\/en\/#website"},"datePublished":"2020-05-17T10:18:13+00:00","dateModified":"2020-06-25T10:59:35+00:00","description":"Terms of use - Le coaching qui vous aide \u00e0 concevoir votre b\u00e9b\u00e9","breadcrumb":{"@id":"https:\/\/mybubelly.com\/en\/terms-of-use\/#breadcrumb"},"inLanguage":"en-US","potentialAction":[{"@type":"ReadAction","target":["https:\/\/mybubelly.com\/en\/terms-of-use\/"]}]},{"@type":"BreadcrumbList","@id":"https:\/\/mybubelly.com\/en\/terms-of-use\/#breadcrumb","itemListElement":[{"@type":"ListItem","position":1,"name":"Accueil","item":"https:\/\/mybubelly.com\/en\/home\/"},{"@type":"ListItem","position":2,"name":"Terms of use"}]},{"@type":"WebSite","@id":"https:\/\/mybubelly.com\/en\/#website","url":"https:\/\/mybubelly.com\/en\/","name":"MyBuBelly envie de b\u00e9b\u00e9","description":"Le coaching qui vous aide \u00e0 concevoir votre b\u00e9b\u00e9","potentialAction":[{"@type":"SearchAction","target":{"@type":"EntryPoint","urlTemplate":"https:\/\/mybubelly.com\/en\/?s={search_term_string}"},"query-input":{"@type":"PropertyValueSpecification","valueRequired":true,"valueName":"search_term_string"}}],"inLanguage":"en-US"}]}},"_links":{"self":[{"href":"https:\/\/mybubelly.com\/en\/wp-json\/wp\/v2\/pages\/13083","targetHints":{"allow":["GET"]}}],"collection":[{"href":"https:\/\/mybubelly.com\/en\/wp-json\/wp\/v2\/pages"}],"about":[{"href":"https:\/\/mybubelly.com\/en\/wp-json\/wp\/v2\/types\/page"}],"author":[{"embeddable":true,"href":"https:\/\/mybubelly.com\/en\/wp-json\/wp\/v2\/users\/1"}],"replies":[{"embeddable":true,"href":"https:\/\/mybubelly.com\/en\/wp-json\/wp\/v2\/comments?post=13083"}],"version-history":[{"count":0,"href":"https:\/\/mybubelly.com\/en\/wp-json\/wp\/v2\/pages\/13083\/revisions"}],"wp:attachment":[{"href":"https:\/\/mybubelly.com\/en\/wp-json\/wp\/v2\/media?parent=13083"}],"curies":[{"name":"wp","href":"https:\/\/api.w.org\/{rel}","templated":true}]}}