{"id":13448,"date":"2019-12-13T05:10:45","date_gmt":"2019-12-13T05:10:45","guid":{"rendered":"https:\/\/mybubelly.com\/choisir-sexe-bebe\/"},"modified":"2024-10-08T12:47:16","modified_gmt":"2024-10-08T10:47:16","slug":"choose-sex-baby","status":"publish","type":"page","link":"https:\/\/mybubelly.com\/en\/choose-sex-baby\/","title":{"rendered":"MyBuBelly CHOICE Program"},"content":{"rendered":"<div class=\"wpb-content-wrapper\">[vc_section full_width=&#8221;stretch_row&#8221; content_placement=&#8221;middle&#8221; css=&#8221;.vc_custom_1586506265246{background-position: 0 0 !important;background-repeat: repeat !important;}&#8221;][vc_row full_width=&#8221;stretch_row&#8221; gap=&#8221;20&#8243; equal_height=&#8221;yes&#8221; content_placement=&#8221;middle&#8221; bg_type=&#8221;image&#8221; parallax_style=&#8221;vcpb-default&#8221; bg_image_new=&#8221;id^13103|url^http:\/\/mybubelly.com\/wp-content\/uploads\/2020\/05\/08-page-programme-choix-fond-tetiere.png|caption^null|alt^null|title^08-page-programme-choix-fond-tetiere|description^null&#8221; bg_image_repeat=&#8221;no-repeat&#8221; bg_override=&#8221;ex-full&#8221; css=&#8221;.vc_custom_1589802619142{padding-top: 50px !important;padding-bottom: 50px !important;}&#8221;][vc_column width=&#8221;1\/4&#8243;][\/vc_column][vc_column width=&#8221;1\/2&#8243; css=&#8221;.vc_custom_1589802969694{padding-top: 30px !important;padding-bottom: 30px !important;}&#8221;][vc_custom_heading text=&#8221;CHOICE Program&#8221; font_container=&#8221;tag:h1|text_align:center&#8221; use_theme_fonts=&#8221;yes&#8221; css_animation=&#8221;fadeIn&#8221; css=&#8221;.vc_custom_1590578945376{padding-top: 10px !important;padding-right: 10px !important;padding-bottom: 10px !important;padding-left: 10px !important;background-color: rgba(255,255,255,0.81) !important;*background-color: rgb(255,255,255) !important;}&#8221;][\/vc_column][vc_column width=&#8221;1\/4&#8243;][\/vc_column][\/vc_row][vc_row full_width=&#8221;stretch_row&#8221; gap=&#8221;20&#8243; equal_height=&#8221;yes&#8221; content_placement=&#8221;middle&#8221; bg_type=&#8221;bg_color&#8221; bg_override=&#8221;ex-full&#8221; bg_color_value=&#8221;#ffffff&#8221;][vc_column][vc_column_text]\n<p style=\"text-align: right;\"><span style=\"color: #ff99cc;\"><strong>Cette page est aussi lisible en <span class=\"wpml-ls-slot-post_translations wpml-ls-item wpml-ls-item-fr wpml-ls-first-item wpml-ls-last-item wpml-ls-item-legacy-post-translations\"><a class=\"wpml-ls-link\" style=\"color: #ff99cc;\" href=\"https:\/\/mybubelly.com\/choisir-sexe-bebe\/\"><img decoding=\"async\" class=\"wpml-ls-flag\" src=\"https:\/\/mybubelly.com\/wp-content\/plugins\/sitepress-multilingual-cms\/res\/flags\/fr.png\" alt=\"\" \/><span class=\"wpml-ls-native\" lang=\"fr\">Fran\u00e7ais<\/span><\/a><\/span><\/strong><\/span><\/p>\n[\/vc_column_text][vc_single_image image=&#8221;13106&#8243; img_size=&#8221;full&#8221; alignment=&#8221;center&#8221; style=&#8221;vc_box_rounded&#8221;][vc_column_text]\n<h2 class=\"p1\"><span style=\"color: #ee81aa;\">The MyBuBelly CHOICE Program is the result of two techniques that have proven themselves for many years:<\/span><\/h2>\n<p>&nbsp;<\/p>\n<p><span style=\"color: #ee81aa;\"><strong><span style=\"color: #ee81aa;\">OVULATION TARGETING<\/span><br \/>\n<\/strong><\/span><span style=\"color: #ee81aa;\">(with in the past success rates of around 80% for doctors Seguy or Shettles for example) <\/span><\/p>\n<p><span style=\"color: #ee81aa;\"><strong><br \/>\nPH ORIENTATION<br \/>\n<\/strong>through food (with success rates of around 80% for Doctor Papa in the past). <\/span><\/p>\n<p><span style=\"color: #ee81aa;\"><strong><br \/>\nWhen rigorously followed, the MyBuBelly CHOICE Program works for 8 to 9 subscribers out of 10 *.<br \/>\n<\/strong><em>(* internal statistics from MyBuBelly based on subscriber feedback). <\/em><strong><br \/>\n<\/strong><\/span>[\/vc_column_text][\/vc_column][\/vc_row][vc_row full_width=&#8221;stretch_row&#8221; gap=&#8221;20&#8243; equal_height=&#8221;yes&#8221; content_placement=&#8221;top&#8221; type=&#8221;vc_default&#8221; css=&#8221;.vc_custom_1572432982796{padding-bottom: 30px !important;}&#8221;][vc_column width=&#8221;1\/2&#8243; css=&#8221;.vc_custom_1580664168575{background: #e55496 url(http:\/\/mybubelly.com\/wp-content\/uploads\/2020\/02\/fille-3.png?id=10764) !important;background-position: center !important;background-repeat: no-repeat !important;background-size: contain !important;}&#8221;][vc_column_text css=&#8221;.vc_custom_1590579126768{padding-top: 20px !important;padding-right: 20px !important;padding-bottom: 20px !important;padding-left: 20px !important;}&#8221;]\n<h2><a href=\"http:\/\/mybubelly.com\/en\/conceive-girl\/\"><span style=\"color: #ffffff;\"><strong>THE GIRL PROGRAM<\/strong><\/span><\/a><\/h2>\n<p>&nbsp;<\/p>\n<p><span style=\"color: #ffffff;\"><strong>Thanks to an adapted diet program and ovulation targeting<\/strong>, it is possible to promote X sperm in their course towards the ovule.<br \/>\nFor this, you will never be alone thanks to your personal coach helped by the MyBuBelly expert committee.<br \/>\n<\/span><\/p>\n<p>&nbsp;<\/p>\n<p>&nbsp;<\/p>\n<p><span style=\"color: #ffffff;\"><a style=\"text-decoration: none; font-size: 26px; color: #ffffff;\" href=\"http:\/\/mybubelly.com\/en\/conceive-girl\/\">&gt; LEARN MORE<br \/>\nthe GIRL program<br \/>\n<\/a><\/span>[\/vc_column_text][vc_empty_space height=&#8221;10px&#8221;][\/vc_column][vc_column width=&#8221;1\/2&#8243; css=&#8221;.vc_custom_1580664201000{background: #42b1e5 url(http:\/\/mybubelly.com\/wp-content\/uploads\/2020\/02\/garcon-3.png?id=10766) !important;background-position: center !important;background-repeat: no-repeat !important;background-size: contain !important;}&#8221;][vc_column_text css=&#8221;.vc_custom_1590579165189{padding-top: 20px !important;padding-right: 20px !important;padding-bottom: 20px !important;padding-left: 20px !important;}&#8221;]\n<h2><a href=\"http:\/\/mybubelly.com\/en\/conceive-boy\/\"><span style=\"color: #ffffff;\"><strong>THE BOY PROGRAM<\/strong><\/span><\/a><\/h2>\n<p>&nbsp;<\/p>\n<p><span style=\"color: #ffffff;\"><strong>Thanks to an adapted diet program and ovulation targeting<\/strong>, it is possible to promote X sperm in their course towards the ovule.<br \/>\nFor this, you will never be alone thanks to your personal coach helped by the MyBuBelly expert committee.<br \/>\n<\/span><\/p>\n<p>&nbsp;<\/p>\n<p>&nbsp;<\/p>\n<p><span style=\"color: #ffffff;\"><a style=\"text-decoration: none; font-size: 26px; color: #ffffff;\" href=\"http:\/\/mybubelly.com\/en\/conceive-boy\/\">&gt; LEARN MORE<br \/>\nthe BOY program<br \/>\n<\/a><\/span>[\/vc_column_text][vc_empty_space height=&#8221;10px&#8221;][\/vc_column][\/vc_row][vc_row][vc_column][vc_column_text css=&#8221;&#8221;]\n<p style=\"text-align: center;\"><em><strong><span class=\"flex items-center pl-8\"><span class=\"font-normal\">Due to a large number of subscribers currently active on MyBuBelly, registrations are on hold&#8230; please be patient.<\/span><\/span><\/strong><\/em><\/p>\n[\/vc_column_text][\/vc_column][\/vc_row][\/vc_section]\n<\/div>","protected":false},"excerpt":{"rendered":"<p>[vc_section full_width=&#8221;stretch_row&#8221; content_placement=&#8221;middle&#8221; css=&#8221;.vc_custom_1586506265246{background-position: 0 0 !important;background-repeat: repeat !important;}&#8221;][vc_row full_width=&#8221;stretch_row&#8221; gap=&#8221;20&#8243; equal_height=&#8221;yes&#8221; content_placement=&#8221;middle&#8221; bg_type=&#8221;image&#8221; parallax_style=&#8221;vcpb-default&#8221; bg_image_new=&#8221;id^13103|url^http:\/\/mybubelly.com\/wp-content\/uploads\/2020\/05\/08-page-programme-choix-fond-tetiere.png|caption^null|alt^null|title^08-page-programme-choix-fond-tetiere|description^null&#8221; bg_image_repeat=&#8221;no-repeat&#8221; bg_override=&#8221;ex-full&#8221; css=&#8221;.vc_custom_1589802619142{padding-top: 50px !important;padding-bottom: 50px !important;}&#8221;][vc_column width=&#8221;1\/4&#8243;][\/vc_column][vc_column width=&#8221;1\/2&#8243; css=&#8221;.vc_custom_1589802969694{padding-top: 30px !important;padding-bottom: 30px !important;}&#8221;][vc_custom_heading text=&#8221;CHOICE Program&#8221; font_container=&#8221;tag:h1|text_align:center&#8221; use_theme_fonts=&#8221;yes&#8221; css_animation=&#8221;fadeIn&#8221; css=&#8221;.vc_custom_1590578945376{padding-top: 10px !important;padding-right: 10px !important;padding-bottom: 10px !important;padding-left: 10px !important;background-color: rgba(255,255,255,0.81) !important;*background-color: rgb(255,255,255) !important;}&#8221;][\/vc_column][vc_column width=&#8221;1\/4&#8243;][\/vc_column][\/vc_row][vc_row full_width=&#8221;stretch_row&#8221; gap=&#8221;20&#8243; equal_height=&#8221;yes&#8221; content_placement=&#8221;middle&#8221; bg_type=&#8221;bg_color&#8221; bg_override=&#8221;ex-full&#8221;&hellip;<\/p>\n","protected":false},"author":1,"featured_media":0,"parent":0,"menu_order":5,"comment_status":"closed","ping_status":"closed","template":"","meta":{"footnotes":""},"class_list":["post-13448","page","type-page","status-publish","hentry","description-off"],"yoast_head":"<!-- This site is optimized with the Yoast SEO plugin v26.1 - https:\/\/yoast.com\/wordpress\/plugins\/seo\/ -->\n<title>MyBuBelly CHOICE Program - MyBuBelly Fertility<\/title>\n<meta name=\"description\" content=\"MyBuBelly CHOICE Program - Le coaching qui vous aide \u00e0 concevoir votre b\u00e9b\u00e9\" \/>\n<meta name=\"robots\" content=\"index, follow, max-snippet:-1, max-image-preview:large, max-video-preview:-1\" \/>\n<link rel=\"canonical\" href=\"https:\/\/mybubelly.com\/en\/choose-sex-baby\/\" \/>\n<meta property=\"og:locale\" content=\"en_US\" \/>\n<meta property=\"og:type\" content=\"article\" \/>\n<meta property=\"og:title\" content=\"MyBuBelly CHOICE Program - MyBuBelly Fertility\" \/>\n<meta property=\"og:description\" content=\"MyBuBelly CHOICE Program - Le coaching qui vous aide \u00e0 concevoir votre b\u00e9b\u00e9\" \/>\n<meta property=\"og:url\" content=\"https:\/\/mybubelly.com\/en\/choose-sex-baby\/\" \/>\n<meta property=\"og:site_name\" content=\"MyBuBelly Fertility\" \/>\n<meta property=\"article:publisher\" content=\"https:\/\/www.facebook.com\/MyBuBelly\" \/>\n<meta property=\"article:modified_time\" content=\"2024-10-08T10:47:16+00:00\" \/>\n<meta property=\"og:image\" content=\"https:\/\/mybubelly.com\/wp-content\/plugins\/sitepress-multilingual-cms\/res\/flags\/fr.png\" \/>\n<meta name=\"twitter:card\" content=\"summary_large_image\" \/>\n<meta name=\"twitter:site\" content=\"@mybubelly\" \/>\n<meta name=\"twitter:label1\" content=\"Est. reading time\" \/>\n\t<meta name=\"twitter:data1\" content=\"3 minutes\" \/>\n<script type=\"application\/ld+json\" class=\"yoast-schema-graph\">{\"@context\":\"https:\/\/schema.org\",\"@graph\":[{\"@type\":\"WebPage\",\"@id\":\"https:\/\/mybubelly.com\/en\/choose-sex-baby\/\",\"url\":\"https:\/\/mybubelly.com\/en\/choose-sex-baby\/\",\"name\":\"MyBuBelly CHOICE Program - MyBuBelly Fertility\",\"isPartOf\":{\"@id\":\"https:\/\/mybubelly.com\/en\/#website\"},\"primaryImageOfPage\":{\"@id\":\"https:\/\/mybubelly.com\/en\/choose-sex-baby\/#primaryimage\"},\"image\":{\"@id\":\"https:\/\/mybubelly.com\/en\/choose-sex-baby\/#primaryimage\"},\"thumbnailUrl\":\"https:\/\/mybubelly.com\/wp-content\/plugins\/sitepress-multilingual-cms\/res\/flags\/fr.png\",\"datePublished\":\"2019-12-13T05:10:45+00:00\",\"dateModified\":\"2024-10-08T10:47:16+00:00\",\"description\":\"MyBuBelly CHOICE Program - Le coaching qui vous aide \u00e0 concevoir votre b\u00e9b\u00e9\",\"breadcrumb\":{\"@id\":\"https:\/\/mybubelly.com\/en\/choose-sex-baby\/#breadcrumb\"},\"inLanguage\":\"en-US\",\"potentialAction\":[{\"@type\":\"ReadAction\",\"target\":[\"https:\/\/mybubelly.com\/en\/choose-sex-baby\/\"]}]},{\"@type\":\"ImageObject\",\"inLanguage\":\"en-US\",\"@id\":\"https:\/\/mybubelly.com\/en\/choose-sex-baby\/#primaryimage\",\"url\":\"https:\/\/mybubelly.com\/wp-content\/plugins\/sitepress-multilingual-cms\/res\/flags\/fr.png\",\"contentUrl\":\"https:\/\/mybubelly.com\/wp-content\/plugins\/sitepress-multilingual-cms\/res\/flags\/fr.png\"},{\"@type\":\"BreadcrumbList\",\"@id\":\"https:\/\/mybubelly.com\/en\/choose-sex-baby\/#breadcrumb\",\"itemListElement\":[{\"@type\":\"ListItem\",\"position\":1,\"name\":\"Accueil\",\"item\":\"https:\/\/mybubelly.com\/en\/home\/\"},{\"@type\":\"ListItem\",\"position\":2,\"name\":\"MyBuBelly CHOICE Program\"}]},{\"@type\":\"WebSite\",\"@id\":\"https:\/\/mybubelly.com\/en\/#website\",\"url\":\"https:\/\/mybubelly.com\/en\/\",\"name\":\"MyBuBelly envie de b\u00e9b\u00e9\",\"description\":\"Le coaching qui vous aide \u00e0 concevoir votre b\u00e9b\u00e9\",\"potentialAction\":[{\"@type\":\"SearchAction\",\"target\":{\"@type\":\"EntryPoint\",\"urlTemplate\":\"https:\/\/mybubelly.com\/en\/?s={search_term_string}\"},\"query-input\":{\"@type\":\"PropertyValueSpecification\",\"valueRequired\":true,\"valueName\":\"search_term_string\"}}],\"inLanguage\":\"en-US\"}]}<\/script>\n<!-- \/ Yoast SEO plugin. -->","yoast_head_json":{"title":"MyBuBelly CHOICE Program - MyBuBelly Fertility","description":"MyBuBelly CHOICE Program - Le coaching qui vous aide \u00e0 concevoir votre b\u00e9b\u00e9","robots":{"index":"index","follow":"follow","max-snippet":"max-snippet:-1","max-image-preview":"max-image-preview:large","max-video-preview":"max-video-preview:-1"},"canonical":"https:\/\/mybubelly.com\/en\/choose-sex-baby\/","og_locale":"en_US","og_type":"article","og_title":"MyBuBelly CHOICE Program - MyBuBelly Fertility","og_description":"MyBuBelly CHOICE Program - Le coaching qui vous aide \u00e0 concevoir votre b\u00e9b\u00e9","og_url":"https:\/\/mybubelly.com\/en\/choose-sex-baby\/","og_site_name":"MyBuBelly Fertility","article_publisher":"https:\/\/www.facebook.com\/MyBuBelly","article_modified_time":"2024-10-08T10:47:16+00:00","og_image":[{"url":"https:\/\/mybubelly.com\/wp-content\/plugins\/sitepress-multilingual-cms\/res\/flags\/fr.png","type":"","width":"","height":""}],"twitter_card":"summary_large_image","twitter_site":"@mybubelly","twitter_misc":{"Est. reading time":"3 minutes"},"schema":{"@context":"https:\/\/schema.org","@graph":[{"@type":"WebPage","@id":"https:\/\/mybubelly.com\/en\/choose-sex-baby\/","url":"https:\/\/mybubelly.com\/en\/choose-sex-baby\/","name":"MyBuBelly CHOICE Program - MyBuBelly Fertility","isPartOf":{"@id":"https:\/\/mybubelly.com\/en\/#website"},"primaryImageOfPage":{"@id":"https:\/\/mybubelly.com\/en\/choose-sex-baby\/#primaryimage"},"image":{"@id":"https:\/\/mybubelly.com\/en\/choose-sex-baby\/#primaryimage"},"thumbnailUrl":"https:\/\/mybubelly.com\/wp-content\/plugins\/sitepress-multilingual-cms\/res\/flags\/fr.png","datePublished":"2019-12-13T05:10:45+00:00","dateModified":"2024-10-08T10:47:16+00:00","description":"MyBuBelly CHOICE Program - Le coaching qui vous aide \u00e0 concevoir votre b\u00e9b\u00e9","breadcrumb":{"@id":"https:\/\/mybubelly.com\/en\/choose-sex-baby\/#breadcrumb"},"inLanguage":"en-US","potentialAction":[{"@type":"ReadAction","target":["https:\/\/mybubelly.com\/en\/choose-sex-baby\/"]}]},{"@type":"ImageObject","inLanguage":"en-US","@id":"https:\/\/mybubelly.com\/en\/choose-sex-baby\/#primaryimage","url":"https:\/\/mybubelly.com\/wp-content\/plugins\/sitepress-multilingual-cms\/res\/flags\/fr.png","contentUrl":"https:\/\/mybubelly.com\/wp-content\/plugins\/sitepress-multilingual-cms\/res\/flags\/fr.png"},{"@type":"BreadcrumbList","@id":"https:\/\/mybubelly.com\/en\/choose-sex-baby\/#breadcrumb","itemListElement":[{"@type":"ListItem","position":1,"name":"Accueil","item":"https:\/\/mybubelly.com\/en\/home\/"},{"@type":"ListItem","position":2,"name":"MyBuBelly CHOICE Program"}]},{"@type":"WebSite","@id":"https:\/\/mybubelly.com\/en\/#website","url":"https:\/\/mybubelly.com\/en\/","name":"MyBuBelly envie de b\u00e9b\u00e9","description":"Le coaching qui vous aide \u00e0 concevoir votre b\u00e9b\u00e9","potentialAction":[{"@type":"SearchAction","target":{"@type":"EntryPoint","urlTemplate":"https:\/\/mybubelly.com\/en\/?s={search_term_string}"},"query-input":{"@type":"PropertyValueSpecification","valueRequired":true,"valueName":"search_term_string"}}],"inLanguage":"en-US"}]}},"_links":{"self":[{"href":"https:\/\/mybubelly.com\/en\/wp-json\/wp\/v2\/pages\/13448","targetHints":{"allow":["GET"]}}],"collection":[{"href":"https:\/\/mybubelly.com\/en\/wp-json\/wp\/v2\/pages"}],"about":[{"href":"https:\/\/mybubelly.com\/en\/wp-json\/wp\/v2\/types\/page"}],"author":[{"embeddable":true,"href":"https:\/\/mybubelly.com\/en\/wp-json\/wp\/v2\/users\/1"}],"replies":[{"embeddable":true,"href":"https:\/\/mybubelly.com\/en\/wp-json\/wp\/v2\/comments?post=13448"}],"version-history":[{"count":4,"href":"https:\/\/mybubelly.com\/en\/wp-json\/wp\/v2\/pages\/13448\/revisions"}],"predecessor-version":[{"id":17174,"href":"https:\/\/mybubelly.com\/en\/wp-json\/wp\/v2\/pages\/13448\/revisions\/17174"}],"wp:attachment":[{"href":"https:\/\/mybubelly.com\/en\/wp-json\/wp\/v2\/media?parent=13448"}],"curies":[{"name":"wp","href":"https:\/\/api.w.org\/{rel}","templated":true}]}}