{"id":13456,"date":"2020-05-12T14:54:58","date_gmt":"2020-05-12T12:54:58","guid":{"rendered":"https:\/\/mybubelly.com\/inscription\/"},"modified":"2020-05-27T14:19:35","modified_gmt":"2020-05-27T12:19:35","slug":"registration","status":"publish","type":"page","link":"https:\/\/mybubelly.com\/en\/registration\/","title":{"rendered":"My registration &#8211; you have chosen girl or boy, register!"},"content":{"rendered":"<div class=\"wpb-content-wrapper\">[vc_row full_width=&#8221;stretch_row&#8221; bg_type=&#8221;bg_color&#8221; bg_override=&#8221;full&#8221; type=&#8221;vc_default&#8221; bg_color_value=&#8221;#ffffff&#8221; el_id=&#8221;01&#8243;][vc_column][vc_empty_space height=&#8221;22px&#8221;][vc_column_text css_animation=&#8221;fadeIn&#8221; css=&#8221;.vc_custom_1590580540353{padding-top: 30px !important;padding-right: 0px !important;padding-bottom: 30px !important;padding-left: 0px !important;}&#8221;]\n<p style=\"text-align: center;\"><span style=\"color: #ef82aa;\">\u00a0<\/span><\/p>\n<h1 style=\"text-align: center;\"><span style=\"color: #ef82aa;\">MYBUBELLY CHOICE PROGRAM<\/span><\/h1>\n<h1 style=\"text-align: center;\"><span style=\"color: #ef82aa;\"><strong>You have chosen girl or boy, register!<\/strong><\/span><\/h1>\n<h3 style=\"text-align: center;\"><span style=\"color: #ef82aa;\"><strong>You want to subscribe to the MyBuBelly method and open your account, that&#8217;s good news!<\/strong><\/span><br \/>\n<span style=\"color: #ef82aa;\"><strong>So before starting this beautiful adventure together, hand in hand,<\/strong><\/span><br \/>\n<span style=\"color: #ef82aa;\"><strong>tell us everything about your dearest wish &#8230; would you like us to accompany you during<\/strong><\/span><br \/>\n<span style=\"color: #ef82aa;\"><strong>those few months to have a girl or a boy? It&#8217;s your choice, of course!<\/strong><\/span><\/h3>\n[\/vc_column_text][vc_empty_space height=&#8221;22px&#8221;][vc_row_inner css=&#8221;.vc_custom_1495896191851{padding-right: 50px !important;padding-left: 50px !important;}&#8221;][vc_column_inner width=&#8221;1\/2&#8243;][vc_single_image image=&#8221;13531&#8243; img_size=&#8221;full&#8221; alignment=&#8221;center&#8221; onclick=&#8221;custom_link&#8221; link=&#8221;https:\/\/mybubelly.com\/mbb\/gb\/inscription_etape0?genre=fille&#8221;][vc_single_image image=&#8221;13535&#8243; img_size=&#8221;large&#8221; alignment=&#8221;center&#8221; onclick=&#8221;custom_link&#8221; css_animation=&#8221;fadeInLeft&#8221; link=&#8221;https:\/\/mybubelly.com\/mbb\/gb\/inscription_etape0?genre=fille&#8221; css=&#8221;.vc_custom_1590581963165{padding-top: 20px !important;}&#8221;][\/vc_column_inner][vc_column_inner width=&#8221;1\/2&#8243;][vc_single_image image=&#8221;13529&#8243; img_size=&#8221;full&#8221; alignment=&#8221;center&#8221; onclick=&#8221;custom_link&#8221; link=&#8221;https:\/\/mybubelly.com\/mbb\/gb\/inscription_etape0?genre=garcon&#8221;][vc_single_image image=&#8221;13537&#8243; img_size=&#8221;large&#8221; alignment=&#8221;center&#8221; onclick=&#8221;custom_link&#8221; css_animation=&#8221;fadeInRight&#8221; link=&#8221;https:\/\/mybubelly.com\/mbb\/gb\/inscription_etape0?genre=garcon&#8221; css=&#8221;.vc_custom_1590581971264{padding-top: 20px !important;}&#8221;][\/vc_column_inner][\/vc_row_inner][vc_empty_space][\/vc_column][\/vc_row]\n<\/div>","protected":false},"excerpt":{"rendered":"<p>[vc_row full_width=&#8221;stretch_row&#8221; bg_type=&#8221;bg_color&#8221; bg_override=&#8221;full&#8221; type=&#8221;vc_default&#8221; bg_color_value=&#8221;#ffffff&#8221; el_id=&#8221;01&#8243;][vc_column][vc_empty_space height=&#8221;22px&#8221;][vc_column_text css_animation=&#8221;fadeIn&#8221; css=&#8221;.vc_custom_1590580540353{padding-top: 30px !important;padding-right: 0px !important;padding-bottom: 30px !important;padding-left: 0px !important;}&#8221;] \u00a0 MYBUBELLY CHOICE PROGRAM You have chosen girl or boy, register! You want to subscribe to the MyBuBelly method and open your account, that&#8217;s good news! So before starting this beautiful adventure together, hand in hand, tell&hellip;<\/p>\n","protected":false},"author":1,"featured_media":0,"parent":0,"menu_order":0,"comment_status":"closed","ping_status":"closed","template":"","meta":{"footnotes":""},"class_list":["post-13456","page","type-page","status-publish","hentry","description-off"],"yoast_head":"<!-- This site is optimized with the Yoast SEO plugin v26.1 - https:\/\/yoast.com\/wordpress\/plugins\/seo\/ -->\n<title>My registration - you have chosen girl or boy, register! - MyBuBelly Fertility<\/title>\n<meta name=\"description\" content=\"My registration - you have chosen girl or boy, register! - Le coaching qui vous aide \u00e0 concevoir votre b\u00e9b\u00e9\" \/>\n<meta name=\"robots\" content=\"index, follow, max-snippet:-1, max-image-preview:large, max-video-preview:-1\" \/>\n<link rel=\"canonical\" href=\"https:\/\/mybubelly.com\/en\/registration\/\" \/>\n<meta property=\"og:locale\" content=\"en_US\" \/>\n<meta property=\"og:type\" content=\"article\" \/>\n<meta property=\"og:title\" content=\"My registration - you have chosen girl or boy, register! - MyBuBelly Fertility\" \/>\n<meta property=\"og:description\" content=\"My registration - you have chosen girl or boy, register! - Le coaching qui vous aide \u00e0 concevoir votre b\u00e9b\u00e9\" \/>\n<meta property=\"og:url\" content=\"https:\/\/mybubelly.com\/en\/registration\/\" \/>\n<meta property=\"og:site_name\" content=\"MyBuBelly Fertility\" \/>\n<meta property=\"article:publisher\" content=\"https:\/\/www.facebook.com\/MyBuBelly\" \/>\n<meta property=\"article:modified_time\" content=\"2020-05-27T12:19:35+00:00\" \/>\n<meta name=\"twitter:card\" content=\"summary_large_image\" \/>\n<meta name=\"twitter:site\" content=\"@mybubelly\" \/>\n<meta name=\"twitter:label1\" content=\"Est. reading time\" \/>\n\t<meta name=\"twitter:data1\" content=\"1 minute\" \/>\n<script type=\"application\/ld+json\" class=\"yoast-schema-graph\">{\"@context\":\"https:\/\/schema.org\",\"@graph\":[{\"@type\":\"WebPage\",\"@id\":\"https:\/\/mybubelly.com\/en\/registration\/\",\"url\":\"https:\/\/mybubelly.com\/en\/registration\/\",\"name\":\"My registration - you have chosen girl or boy, register! - MyBuBelly Fertility\",\"isPartOf\":{\"@id\":\"https:\/\/mybubelly.com\/en\/#website\"},\"datePublished\":\"2020-05-12T12:54:58+00:00\",\"dateModified\":\"2020-05-27T12:19:35+00:00\",\"description\":\"My registration - you have chosen girl or boy, register! - Le coaching qui vous aide \u00e0 concevoir votre b\u00e9b\u00e9\",\"breadcrumb\":{\"@id\":\"https:\/\/mybubelly.com\/en\/registration\/#breadcrumb\"},\"inLanguage\":\"en-US\",\"potentialAction\":[{\"@type\":\"ReadAction\",\"target\":[\"https:\/\/mybubelly.com\/en\/registration\/\"]}]},{\"@type\":\"BreadcrumbList\",\"@id\":\"https:\/\/mybubelly.com\/en\/registration\/#breadcrumb\",\"itemListElement\":[{\"@type\":\"ListItem\",\"position\":1,\"name\":\"Accueil\",\"item\":\"https:\/\/mybubelly.com\/en\/home\/\"},{\"@type\":\"ListItem\",\"position\":2,\"name\":\"My registration &#8211; you have chosen girl or boy, register!\"}]},{\"@type\":\"WebSite\",\"@id\":\"https:\/\/mybubelly.com\/en\/#website\",\"url\":\"https:\/\/mybubelly.com\/en\/\",\"name\":\"MyBuBelly envie de b\u00e9b\u00e9\",\"description\":\"Le coaching qui vous aide \u00e0 concevoir votre b\u00e9b\u00e9\",\"potentialAction\":[{\"@type\":\"SearchAction\",\"target\":{\"@type\":\"EntryPoint\",\"urlTemplate\":\"https:\/\/mybubelly.com\/en\/?s={search_term_string}\"},\"query-input\":{\"@type\":\"PropertyValueSpecification\",\"valueRequired\":true,\"valueName\":\"search_term_string\"}}],\"inLanguage\":\"en-US\"}]}<\/script>\n<!-- \/ Yoast SEO plugin. -->","yoast_head_json":{"title":"My registration - you have chosen girl or boy, register! - MyBuBelly Fertility","description":"My registration - you have chosen girl or boy, register! - Le coaching qui vous aide \u00e0 concevoir votre b\u00e9b\u00e9","robots":{"index":"index","follow":"follow","max-snippet":"max-snippet:-1","max-image-preview":"max-image-preview:large","max-video-preview":"max-video-preview:-1"},"canonical":"https:\/\/mybubelly.com\/en\/registration\/","og_locale":"en_US","og_type":"article","og_title":"My registration - you have chosen girl or boy, register! - MyBuBelly Fertility","og_description":"My registration - you have chosen girl or boy, register! - Le coaching qui vous aide \u00e0 concevoir votre b\u00e9b\u00e9","og_url":"https:\/\/mybubelly.com\/en\/registration\/","og_site_name":"MyBuBelly Fertility","article_publisher":"https:\/\/www.facebook.com\/MyBuBelly","article_modified_time":"2020-05-27T12:19:35+00:00","twitter_card":"summary_large_image","twitter_site":"@mybubelly","twitter_misc":{"Est. reading time":"1 minute"},"schema":{"@context":"https:\/\/schema.org","@graph":[{"@type":"WebPage","@id":"https:\/\/mybubelly.com\/en\/registration\/","url":"https:\/\/mybubelly.com\/en\/registration\/","name":"My registration - you have chosen girl or boy, register! - MyBuBelly Fertility","isPartOf":{"@id":"https:\/\/mybubelly.com\/en\/#website"},"datePublished":"2020-05-12T12:54:58+00:00","dateModified":"2020-05-27T12:19:35+00:00","description":"My registration - you have chosen girl or boy, register! - Le coaching qui vous aide \u00e0 concevoir votre b\u00e9b\u00e9","breadcrumb":{"@id":"https:\/\/mybubelly.com\/en\/registration\/#breadcrumb"},"inLanguage":"en-US","potentialAction":[{"@type":"ReadAction","target":["https:\/\/mybubelly.com\/en\/registration\/"]}]},{"@type":"BreadcrumbList","@id":"https:\/\/mybubelly.com\/en\/registration\/#breadcrumb","itemListElement":[{"@type":"ListItem","position":1,"name":"Accueil","item":"https:\/\/mybubelly.com\/en\/home\/"},{"@type":"ListItem","position":2,"name":"My registration &#8211; you have chosen girl or boy, register!"}]},{"@type":"WebSite","@id":"https:\/\/mybubelly.com\/en\/#website","url":"https:\/\/mybubelly.com\/en\/","name":"MyBuBelly envie de b\u00e9b\u00e9","description":"Le coaching qui vous aide \u00e0 concevoir votre b\u00e9b\u00e9","potentialAction":[{"@type":"SearchAction","target":{"@type":"EntryPoint","urlTemplate":"https:\/\/mybubelly.com\/en\/?s={search_term_string}"},"query-input":{"@type":"PropertyValueSpecification","valueRequired":true,"valueName":"search_term_string"}}],"inLanguage":"en-US"}]}},"_links":{"self":[{"href":"https:\/\/mybubelly.com\/en\/wp-json\/wp\/v2\/pages\/13456","targetHints":{"allow":["GET"]}}],"collection":[{"href":"https:\/\/mybubelly.com\/en\/wp-json\/wp\/v2\/pages"}],"about":[{"href":"https:\/\/mybubelly.com\/en\/wp-json\/wp\/v2\/types\/page"}],"author":[{"embeddable":true,"href":"https:\/\/mybubelly.com\/en\/wp-json\/wp\/v2\/users\/1"}],"replies":[{"embeddable":true,"href":"https:\/\/mybubelly.com\/en\/wp-json\/wp\/v2\/comments?post=13456"}],"version-history":[{"count":0,"href":"https:\/\/mybubelly.com\/en\/wp-json\/wp\/v2\/pages\/13456\/revisions"}],"wp:attachment":[{"href":"https:\/\/mybubelly.com\/en\/wp-json\/wp\/v2\/media?parent=13456"}],"curies":[{"name":"wp","href":"https:\/\/api.w.org\/{rel}","templated":true}]}}