{"id":14214,"date":"2020-08-13T14:02:04","date_gmt":"2020-08-13T12:02:04","guid":{"rendered":"https:\/\/mybubelly.com\/les-programmes-personnalises\/"},"modified":"2025-03-05T17:52:22","modified_gmt":"2025-03-05T16:52:22","slug":"les-programmes-personnalises-2","status":"publish","type":"page","link":"https:\/\/mybubelly.com\/en\/les-programmes-personnalises-2\/","title":{"rendered":"34 \/ 5\u202f000 PERSONALIZED FERTILITY PROGRAMS"},"content":{"rendered":"<div class=\"wpb-content-wrapper\">[vc_row full_width=&#8221;stretch_row&#8221; bg_type=&#8221;image&#8221; parallax_style=&#8221;vcpb-default&#8221; bg_image_new=&#8221;id^15666|url^https:\/\/mybubelly.com\/wp-content\/uploads\/2020\/12\/04-fond-abonnement-scaled.jpg|caption^null|alt^null|title^04-fond-abonnement|description^null&#8221; bg_override=&#8221;ex-full&#8221;][vc_column][vc_single_image image=&#8221;15665&#8243; img_size=&#8221;500&#215;306&#8243; css=&#8221;.vc_custom_1609239059174{padding-right: 100px !important;}&#8221;][\/vc_column][\/vc_row][vc_row equal_height=&#8221;yes&#8221; css=&#8221;.vc_custom_1607105829593{padding: 20px !important;}&#8221;][vc_column][vc_column_text css=&#8221;.vc_custom_1741193068053{padding-top: 0px !important;padding-right: 0px !important;padding-bottom: 0px !important;padding-left: 0px !important;}&#8221;]\n<h2 style=\"text-align: center;\"><span style=\"color: #ef82aa;\"><span style=\"font-size: 14pt;\"><strong><span style=\"color: #537cbe;\">BECOME A SUBSCRIBER<\/span><\/strong><\/span><br \/>\n<span style=\"color: #30af88;\"><strong><span style=\"font-size: 15pt;\">TO THE MYBUBELLY PROGRAM<br \/>\n<img loading=\"lazy\" decoding=\"async\" class=\"size-full wp-image-15275 aligncenter\" src=\"https:\/\/mybubelly.com\/wp-content\/uploads\/2020\/12\/filet-titre-vert.png\" alt=\"\" width=\"400\" height=\"17\" srcset=\"https:\/\/mybubelly.com\/wp-content\/uploads\/2020\/12\/filet-titre-vert.png 431w, https:\/\/mybubelly.com\/wp-content\/uploads\/2020\/12\/filet-titre-vert-300x12.png 300w, https:\/\/mybubelly.com\/wp-content\/uploads\/2020\/12\/filet-titre-vert-391x17.png 391w\" sizes=\"auto, (max-width: 400px) 100vw, 400px\" \/><\/span><\/strong><\/span><\/span><\/h2>\n<p>&nbsp;<\/p>\n[\/vc_column_text][\/vc_column][\/vc_row][vc_row equal_height=&#8221;yes&#8221; bg_type=&#8221;bg_color&#8221; bg_override=&#8221;ex-full&#8221; css=&#8221;.vc_custom_1676230937345{padding-top: 20px !important;padding-right: 20px !important;padding-bottom: 20px !important;padding-left: 20px !important;}&#8221; bg_color_value=&#8221;#d3def0&#8243; el_id=&#8221;01&#8243;][vc_column][vc_column_text css=&#8221;.vc_custom_1741192973844{padding-top: 0px !important;padding-right: 0px !important;padding-bottom: 0px !important;padding-left: 0px !important;}&#8221;]\n<h2 style=\"text-align: center;\"><span style=\"color: #ef82aa;\"><span style=\"color: #30af88;\"><strong><span style=\"color: #ec7ca2;\">CHOICE <\/span><\/strong><span style=\"color: #21a9e3;\">PROGRAMS <\/span><\/span><\/span><\/h2>\n[\/vc_column_text][vc_column_text css=&#8221;&#8221;]\n<h3 style=\"text-align: center;\">You want to put all the chances on your side to conceive a girl or a boy.<\/h3>\n<p style=\"text-align: center;\"><span style=\"font-size: 14pt;\"><strong>Discover our unique and 89% effective natural program.<\/strong><\/span><\/p>\n[\/vc_column_text][vc_row_inner equal_height=&#8221;yes&#8221; content_placement=&#8221;top&#8221; css=&#8221;.vc_custom_1616775597740{padding: 20px !important;background-color: #ffffff !important;border-radius: 15px !important;}&#8221;][vc_column_inner width=&#8221;1\/2&#8243; css=&#8221;.vc_custom_1638373857188{margin-top: 0px !important;margin-right: 0px !important;margin-bottom: 0px !important;margin-left: 0px !important;padding-top: 20px !important;padding-right: 0px !important;padding-bottom: 0px !important;padding-left: 0px !important;}&#8221;][vc_single_image image=&#8221;17108&#8243; img_size=&#8221;full&#8221; alignment=&#8221;center&#8221; onclick=&#8221;custom_link&#8221; css=&#8221;.vc_custom_1741193261729{margin-top: 0px !important;margin-right: 0px !important;margin-bottom: 0px !important;margin-left: 0px !important;padding-top: 0px !important;padding-right: 0px !important;padding-bottom: 0px !important;padding-left: 0px !important;}&#8221; link=&#8221;https:\/\/mybubelly.com\/mbb\/gb\/inscription_etape0?genre=garcon&#8221;][\/vc_column_inner][vc_column_inner width=&#8221;1\/2&#8243; css=&#8221;.vc_custom_1638373850544{margin-top: 0px !important;margin-right: 0px !important;margin-bottom: 0px !important;margin-left: 0px !important;padding-top: 20px !important;padding-right: 0px !important;padding-bottom: 20px !important;padding-left: 0px !important;}&#8221;][vc_single_image image=&#8221;17106&#8243; img_size=&#8221;full&#8221; alignment=&#8221;center&#8221; onclick=&#8221;custom_link&#8221; css=&#8221;.vc_custom_1741193539683{margin-top: 0px !important;margin-right: 0px !important;margin-bottom: 0px !important;margin-left: 0px !important;padding-top: 0px !important;padding-right: 0px !important;padding-bottom: 0px !important;padding-left: 0px !important;}&#8221; link=&#8221;https:\/\/mybubelly.com\/mbb\/gb\/inscription_etape0?genre=fille&#8221;][\/vc_column_inner][\/vc_row_inner][\/vc_column][\/vc_row][vc_row equal_height=&#8221;yes&#8221; css=&#8221;.vc_custom_1628527077570{margin-top: 0px !important;margin-right: 10px !important;margin-bottom: 10px !important;margin-left: 10px !important;border-top-width: 0px !important;border-right-width: 0px !important;border-bottom-width: 0px !important;border-left-width: 0px !important;padding-top: 0px !important;padding-right: 20px !important;padding-bottom: 0px !important;padding-left: 20px !important;border-left-color: rgba(63,177,143,0.01) !important;border-left-style: initial !important;border-right-color: rgba(63,177,143,0.01) !important;border-right-style: initial !important;border-top-color: rgba(63,177,143,0.01) !important;border-top-style: initial !important;border-bottom-color: rgba(63,177,143,0.01) !important;border-bottom-style: initial !important;border-radius: 20px !important;}&#8221;][vc_column width=&#8221;1\/4&#8243;][\/vc_column][vc_column width=&#8221;1\/2&#8243; css=&#8221;.vc_custom_1628527112876{padding-top: 0px !important;padding-right: 20px !important;padding-bottom: 0px !important;padding-left: 20px !important;}&#8221;][vc_column_text css=&#8221;.vc_custom_1741193152534{margin-top: 0px !important;margin-right: 0px !important;margin-bottom: 0px !important;margin-left: 0px !important;padding-top: 0px !important;padding-right: 0px !important;padding-bottom: 0px !important;padding-left: 0px !important;}&#8221;]\n<h2 style=\"text-align: center;\"><span style=\"color: #ef82aa;\"><span style=\"font-size: 14pt; color: #333333;\"><strong>And more..<\/strong><\/span><span style=\"color: #30af88;\"><strong><br \/>\n<\/strong><\/span><\/span><\/h2>\n[\/vc_column_text][vc_single_image image=&#8221;16434&#8243; img_size=&#8221;full&#8221; alignment=&#8221;center&#8221; onclick=&#8221;custom_link&#8221; css=&#8221;.vc_custom_1741193157569{padding-top: 0px !important;padding-right: 0px !important;padding-bottom: 0px !important;padding-left: 0px !important;}&#8221; link=&#8221;https:\/\/www.mybubellyfertility.com\/&#8221;][\/vc_column][vc_column width=&#8221;1\/4&#8243;][\/vc_column][\/vc_row]\n<\/div>","protected":false},"excerpt":{"rendered":"<p>[vc_row full_width=&#8221;stretch_row&#8221; bg_type=&#8221;image&#8221; parallax_style=&#8221;vcpb-default&#8221; bg_image_new=&#8221;id^15666|url^https:\/\/mybubelly.com\/wp-content\/uploads\/2020\/12\/04-fond-abonnement-scaled.jpg|caption^null|alt^null|title^04-fond-abonnement|description^null&#8221; bg_override=&#8221;ex-full&#8221;][vc_column][vc_single_image image=&#8221;15665&#8243; img_size=&#8221;500&#215;306&#8243; css=&#8221;.vc_custom_1609239059174{padding-right: 100px !important;}&#8221;][\/vc_column][\/vc_row][vc_row equal_height=&#8221;yes&#8221; css=&#8221;.vc_custom_1607105829593{padding: 20px !important;}&#8221;][vc_column][vc_column_text css=&#8221;.vc_custom_1741193068053{padding-top: 0px !important;padding-right: 0px !important;padding-bottom: 0px !important;padding-left: 0px !important;}&#8221;] BECOME A SUBSCRIBER TO THE MYBUBELLY PROGRAM &nbsp; [\/vc_column_text][\/vc_column][\/vc_row][vc_row equal_height=&#8221;yes&#8221; bg_type=&#8221;bg_color&#8221; bg_override=&#8221;ex-full&#8221; css=&#8221;.vc_custom_1676230937345{padding-top: 20px !important;padding-right: 20px !important;padding-bottom: 20px !important;padding-left: 20px !important;}&#8221; bg_color_value=&#8221;#d3def0&#8243; el_id=&#8221;01&#8243;][vc_column][vc_column_text css=&#8221;.vc_custom_1741192973844{padding-top: 0px !important;padding-right: 0px !important;padding-bottom: 0px !important;padding-left: 0px&hellip;<\/p>\n","protected":false},"author":1,"featured_media":0,"parent":0,"menu_order":0,"comment_status":"closed","ping_status":"closed","template":"","meta":{"footnotes":""},"class_list":["post-14214","page","type-page","status-publish","hentry","description-off"],"yoast_head":"<!-- This site is optimized with the Yoast SEO plugin v26.1 - https:\/\/yoast.com\/wordpress\/plugins\/seo\/ -->\n<title>34 \/ 5\u202f000 PERSONALIZED FERTILITY PROGRAMS<\/title>\n<meta name=\"description\" content=\"34 \/ 5\u202f000 PERSONALIZED FERTILITY PROGRAMS - Le coaching qui vous aide \u00e0 concevoir votre b\u00e9b\u00e9\" \/>\n<meta name=\"robots\" content=\"index, follow, max-snippet:-1, max-image-preview:large, max-video-preview:-1\" \/>\n<link rel=\"canonical\" href=\"https:\/\/mybubelly.com\/en\/les-programmes-personnalises-2\/\" \/>\n<meta property=\"og:locale\" content=\"en_US\" \/>\n<meta property=\"og:type\" content=\"article\" \/>\n<meta property=\"og:title\" content=\"34 \/ 5\u202f000 PERSONALIZED FERTILITY PROGRAMS\" \/>\n<meta property=\"og:description\" content=\"34 \/ 5\u202f000 PERSONALIZED FERTILITY PROGRAMS - Le coaching qui vous aide \u00e0 concevoir votre b\u00e9b\u00e9\" \/>\n<meta property=\"og:url\" content=\"https:\/\/mybubelly.com\/en\/les-programmes-personnalises-2\/\" \/>\n<meta property=\"og:site_name\" content=\"MyBuBelly Fertility\" \/>\n<meta property=\"article:publisher\" content=\"https:\/\/www.facebook.com\/MyBuBelly\" \/>\n<meta property=\"article:modified_time\" content=\"2025-03-05T16:52:22+00:00\" \/>\n<meta property=\"og:image\" content=\"https:\/\/mybubelly.com\/wp-content\/uploads\/2020\/12\/filet-titre-vert.png\" \/>\n<meta name=\"twitter:card\" content=\"summary_large_image\" \/>\n<meta name=\"twitter:site\" content=\"@mybubelly\" \/>\n<meta name=\"twitter:label1\" content=\"Est. reading time\" \/>\n\t<meta name=\"twitter:data1\" content=\"2 minutes\" \/>\n<script type=\"application\/ld+json\" class=\"yoast-schema-graph\">{\"@context\":\"https:\/\/schema.org\",\"@graph\":[{\"@type\":\"WebPage\",\"@id\":\"https:\/\/mybubelly.com\/en\/les-programmes-personnalises-2\/\",\"url\":\"https:\/\/mybubelly.com\/en\/les-programmes-personnalises-2\/\",\"name\":\"34 \/ 5\u202f000 PERSONALIZED FERTILITY PROGRAMS\",\"isPartOf\":{\"@id\":\"https:\/\/mybubelly.com\/en\/#website\"},\"primaryImageOfPage\":{\"@id\":\"https:\/\/mybubelly.com\/en\/les-programmes-personnalises-2\/#primaryimage\"},\"image\":{\"@id\":\"https:\/\/mybubelly.com\/en\/les-programmes-personnalises-2\/#primaryimage\"},\"thumbnailUrl\":\"https:\/\/mybubelly.com\/wp-content\/uploads\/2020\/12\/filet-titre-vert.png\",\"datePublished\":\"2020-08-13T12:02:04+00:00\",\"dateModified\":\"2025-03-05T16:52:22+00:00\",\"description\":\"34 \/ 5\u202f000 PERSONALIZED FERTILITY PROGRAMS - Le coaching qui vous aide \u00e0 concevoir votre b\u00e9b\u00e9\",\"breadcrumb\":{\"@id\":\"https:\/\/mybubelly.com\/en\/les-programmes-personnalises-2\/#breadcrumb\"},\"inLanguage\":\"en-US\",\"potentialAction\":[{\"@type\":\"ReadAction\",\"target\":[\"https:\/\/mybubelly.com\/en\/les-programmes-personnalises-2\/\"]}]},{\"@type\":\"ImageObject\",\"inLanguage\":\"en-US\",\"@id\":\"https:\/\/mybubelly.com\/en\/les-programmes-personnalises-2\/#primaryimage\",\"url\":\"https:\/\/mybubelly.com\/wp-content\/uploads\/2020\/12\/filet-titre-vert.png\",\"contentUrl\":\"https:\/\/mybubelly.com\/wp-content\/uploads\/2020\/12\/filet-titre-vert.png\"},{\"@type\":\"BreadcrumbList\",\"@id\":\"https:\/\/mybubelly.com\/en\/les-programmes-personnalises-2\/#breadcrumb\",\"itemListElement\":[{\"@type\":\"ListItem\",\"position\":1,\"name\":\"Accueil\",\"item\":\"https:\/\/mybubelly.com\/en\/home\/\"},{\"@type\":\"ListItem\",\"position\":2,\"name\":\"34 \/ 5\u202f000 PERSONALIZED FERTILITY PROGRAMS\"}]},{\"@type\":\"WebSite\",\"@id\":\"https:\/\/mybubelly.com\/en\/#website\",\"url\":\"https:\/\/mybubelly.com\/en\/\",\"name\":\"MyBuBelly envie de b\u00e9b\u00e9\",\"description\":\"Le coaching qui vous aide \u00e0 concevoir votre b\u00e9b\u00e9\",\"potentialAction\":[{\"@type\":\"SearchAction\",\"target\":{\"@type\":\"EntryPoint\",\"urlTemplate\":\"https:\/\/mybubelly.com\/en\/?s={search_term_string}\"},\"query-input\":{\"@type\":\"PropertyValueSpecification\",\"valueRequired\":true,\"valueName\":\"search_term_string\"}}],\"inLanguage\":\"en-US\"}]}<\/script>\n<!-- \/ Yoast SEO plugin. -->","yoast_head_json":{"title":"34 \/ 5\u202f000 PERSONALIZED FERTILITY PROGRAMS","description":"34 \/ 5\u202f000 PERSONALIZED FERTILITY PROGRAMS - Le coaching qui vous aide \u00e0 concevoir votre b\u00e9b\u00e9","robots":{"index":"index","follow":"follow","max-snippet":"max-snippet:-1","max-image-preview":"max-image-preview:large","max-video-preview":"max-video-preview:-1"},"canonical":"https:\/\/mybubelly.com\/en\/les-programmes-personnalises-2\/","og_locale":"en_US","og_type":"article","og_title":"34 \/ 5\u202f000 PERSONALIZED FERTILITY PROGRAMS","og_description":"34 \/ 5\u202f000 PERSONALIZED FERTILITY PROGRAMS - Le coaching qui vous aide \u00e0 concevoir votre b\u00e9b\u00e9","og_url":"https:\/\/mybubelly.com\/en\/les-programmes-personnalises-2\/","og_site_name":"MyBuBelly Fertility","article_publisher":"https:\/\/www.facebook.com\/MyBuBelly","article_modified_time":"2025-03-05T16:52:22+00:00","og_image":[{"url":"https:\/\/mybubelly.com\/wp-content\/uploads\/2020\/12\/filet-titre-vert.png","type":"","width":"","height":""}],"twitter_card":"summary_large_image","twitter_site":"@mybubelly","twitter_misc":{"Est. reading time":"2 minutes"},"schema":{"@context":"https:\/\/schema.org","@graph":[{"@type":"WebPage","@id":"https:\/\/mybubelly.com\/en\/les-programmes-personnalises-2\/","url":"https:\/\/mybubelly.com\/en\/les-programmes-personnalises-2\/","name":"34 \/ 5\u202f000 PERSONALIZED FERTILITY PROGRAMS","isPartOf":{"@id":"https:\/\/mybubelly.com\/en\/#website"},"primaryImageOfPage":{"@id":"https:\/\/mybubelly.com\/en\/les-programmes-personnalises-2\/#primaryimage"},"image":{"@id":"https:\/\/mybubelly.com\/en\/les-programmes-personnalises-2\/#primaryimage"},"thumbnailUrl":"https:\/\/mybubelly.com\/wp-content\/uploads\/2020\/12\/filet-titre-vert.png","datePublished":"2020-08-13T12:02:04+00:00","dateModified":"2025-03-05T16:52:22+00:00","description":"34 \/ 5\u202f000 PERSONALIZED FERTILITY PROGRAMS - Le coaching qui vous aide \u00e0 concevoir votre b\u00e9b\u00e9","breadcrumb":{"@id":"https:\/\/mybubelly.com\/en\/les-programmes-personnalises-2\/#breadcrumb"},"inLanguage":"en-US","potentialAction":[{"@type":"ReadAction","target":["https:\/\/mybubelly.com\/en\/les-programmes-personnalises-2\/"]}]},{"@type":"ImageObject","inLanguage":"en-US","@id":"https:\/\/mybubelly.com\/en\/les-programmes-personnalises-2\/#primaryimage","url":"https:\/\/mybubelly.com\/wp-content\/uploads\/2020\/12\/filet-titre-vert.png","contentUrl":"https:\/\/mybubelly.com\/wp-content\/uploads\/2020\/12\/filet-titre-vert.png"},{"@type":"BreadcrumbList","@id":"https:\/\/mybubelly.com\/en\/les-programmes-personnalises-2\/#breadcrumb","itemListElement":[{"@type":"ListItem","position":1,"name":"Accueil","item":"https:\/\/mybubelly.com\/en\/home\/"},{"@type":"ListItem","position":2,"name":"34 \/ 5\u202f000 PERSONALIZED FERTILITY PROGRAMS"}]},{"@type":"WebSite","@id":"https:\/\/mybubelly.com\/en\/#website","url":"https:\/\/mybubelly.com\/en\/","name":"MyBuBelly envie de b\u00e9b\u00e9","description":"Le coaching qui vous aide \u00e0 concevoir votre b\u00e9b\u00e9","potentialAction":[{"@type":"SearchAction","target":{"@type":"EntryPoint","urlTemplate":"https:\/\/mybubelly.com\/en\/?s={search_term_string}"},"query-input":{"@type":"PropertyValueSpecification","valueRequired":true,"valueName":"search_term_string"}}],"inLanguage":"en-US"}]}},"_links":{"self":[{"href":"https:\/\/mybubelly.com\/en\/wp-json\/wp\/v2\/pages\/14214","targetHints":{"allow":["GET"]}}],"collection":[{"href":"https:\/\/mybubelly.com\/en\/wp-json\/wp\/v2\/pages"}],"about":[{"href":"https:\/\/mybubelly.com\/en\/wp-json\/wp\/v2\/types\/page"}],"author":[{"embeddable":true,"href":"https:\/\/mybubelly.com\/en\/wp-json\/wp\/v2\/users\/1"}],"replies":[{"embeddable":true,"href":"https:\/\/mybubelly.com\/en\/wp-json\/wp\/v2\/comments?post=14214"}],"version-history":[{"count":91,"href":"https:\/\/mybubelly.com\/en\/wp-json\/wp\/v2\/pages\/14214\/revisions"}],"predecessor-version":[{"id":17256,"href":"https:\/\/mybubelly.com\/en\/wp-json\/wp\/v2\/pages\/14214\/revisions\/17256"}],"wp:attachment":[{"href":"https:\/\/mybubelly.com\/en\/wp-json\/wp\/v2\/media?parent=14214"}],"curies":[{"name":"wp","href":"https:\/\/api.w.org\/{rel}","templated":true}]}}